{"id":4138,"date":"2022-03-22T11:05:59","date_gmt":"2022-03-22T14:05:59","guid":{"rendered":"https:\/\/dobleuv.com\/?page_id=4138"},"modified":"2023-04-12T11:41:12","modified_gmt":"2023-04-12T14:41:12","slug":"terminos-y-condiciones","status":"publish","type":"page","link":"https:\/\/dobleuv.com\/en\/terminos-y-condiciones\/","title":{"rendered":"T\u00e9rminos y condiciones"},"content":{"rendered":"<div data-elementor-type=\"wp-page\" data-elementor-id=\"4138\" class=\"elementor elementor-4138\" data-elementor-post-type=\"page\">\n\t\t\t\t\t\t<section class=\"elementor-section elementor-top-section elementor-element elementor-element-f6c9d90 elementor-reverse-mobile elementor-section-boxed elementor-section-height-default elementor-section-height-default\" data-id=\"f6c9d90\" data-element_type=\"section\" id=\"top\">\n\t\t\t\t\t\t<div class=\"elementor-container elementor-column-gap-default\">\n\t\t\t\t\t<div class=\"elementor-column elementor-col-100 elementor-top-column elementor-element elementor-element-ff448c3\" data-id=\"ff448c3\" data-element_type=\"column\">\n\t\t\t<div class=\"elementor-widget-wrap elementor-element-populated\">\n\t\t\t\t\t\t<div class=\"elementor-element elementor-element-fdeaabe elementor-widget elementor-widget-heading\" data-id=\"fdeaabe\" data-element_type=\"widget\" data-widget_type=\"heading.default\">\n\t\t\t\t<div class=\"elementor-widget-container\">\n\t\t\t<h1 class=\"elementor-heading-title elementor-size-default\">T\u00e9rminos y condiciones<\/h1>\t\t<\/div>\n\t\t\t\t<\/div>\n\t\t\t\t<div class=\"elementor-element elementor-element-ba9def7 elementor-widget elementor-widget-text-editor\" data-id=\"ba9def7\" data-element_type=\"widget\" data-widget_type=\"text-editor.default\">\n\t\t\t\t<div class=\"elementor-widget-container\">\n\t\t\t\t\t\t\t<p>Estas condiciones de compra se aplican a todos los productos disponibles en<strong> Dobleuv<\/strong> , y para todos los clientes, ya sean personas f\u00edsicas o jur\u00eddicas, en cualquier parte del mundo.<\/p><p>001<br \/><strong>DERECHOS DE AUTOR<\/strong><br \/>Todos los dise\u00f1os disponibles en la tienda online de Dobleuv est\u00e1n protegidos por derechos de autor. El cliente no puede nombrarse como autor de los dise\u00f1os comprados y vender, compartir o transferir los productos de ninguna manera, ni total, ni parcialmente. As\u00ed como, no sacar beneficio econ\u00f3mico a trav\u00e9s de ellos, m\u00e1s all\u00e1 del uso propio de los mismos.<\/p><p>002<br \/><strong>COPIA, MODIFICACI\u00d3N O ALTERACI\u00d3N<\/strong><br \/>Queda prohibida, la copia, modificaci\u00f3n o alteraci\u00f3n de los productos adquiridos en Dobleuv.<\/p><p>003<br \/><strong>DESCARGA DE PRODUCTOS<\/strong><br \/>Todos los productos son digitales y se entregar\u00e1n de forma online como un descargable. Recibir\u00e1s un link de descarga en tu e-mail al finalizar la compra. Tambi\u00e9n podr\u00e1s encontrar el enlace de descarga desde dobleuv.com\/tienda si te has registrado en nuestra tienda online.<br \/>El enlace de descarga no caduca y podr\u00e1s descargar tu compra tantas veces como necesites, siempre que el producto siga estando disponible en la tienda online. Se entiende que es tu responsabilidad descargar y guardar correctamente los archivos.<\/p><p>004<br \/><strong>NO REEMBOLSABLE<\/strong><br \/>Los productos digitales de Dobleuv no se pueden devolver o reembolsar bajo ninguna circunstancia, incluso en el caso de no saber usarlos correctamente.<br \/>El cliente debe asegurarse de haber le\u00eddo la descripci\u00f3n completa y haber visto las im\u00e1genes del producto para estar seguro de qu\u00e9 es lo que quiero comprar.<br \/>Si crees que no es el producto que est\u00e1s buscando o tienes dudas de que sea el producto correcto, no lo compres o contacta con nosotras a trav\u00e9s de hola@dobleuv.com antes de realizar la compra.<\/p><p>005<br \/><strong>MODIFICACI\u00d3N DE CONTENIDOS<\/strong><br \/>Dobleuv se reserva el derecho a modificar en cualquier momento y sin previo aviso, los contenidos de la tienda online, el precio de los productos, y su disponibilidad o no, a trav\u00e9s de la misma.<\/p><p>006<br \/><strong>USO E INSTALACI\u00d3N DE PRODUCTOS<\/strong><br \/>Es responsabilidad del cliente tener instalados los programas y software necesarios para el uso correcto de estos productos, y tener conocimientos m\u00ednimos sobre la descarga y uso de los productos.<br \/>Dentro de cada producto encontrar\u00e1s las instrucciones necesarias para su uso. Por favor no mandes emails preguntando sobre el uso y\/ instalaci\u00f3n de los productos.<\/p><p>007<br \/><strong>FORMAS DE PAGO<\/strong><br \/>Dobleuv habilita tres formas de pago diferentes:<br \/>\u2022 Transferencia bancaria: hasta que no recibamos el pago en nuestra cuenta no podr\u00e1s descargar tu compra.<br \/>\u2022 Paypal.<br \/>\u2022 Tarjeta de cr\u00e9dito o d\u00e9bito, a trav\u00e9s de la plataforma Stripe.<br \/>Al pagar con Paypal o tarjeta de cr\u00e9dito\/d\u00e9bito, la descarga de tu compra es instant\u00e1nea.<\/p><p>008<br \/><strong>PROTECCI\u00d3N DE DATOS<\/strong><br \/>Los datos personales que se puedan obtener por medio de los formularios de compra, registro o contacto, en la web de Dobleuv, as\u00ed como la informaci\u00f3n contenida en correos electr\u00f3nicos, ser\u00e1n tratados con total confidencialidad. Dobleuv se compromete a la no difusi\u00f3n de los mismos.<\/p>\t\t\t\t\t\t<\/div>\n\t\t\t\t<\/div>\n\t\t\t\t\t<\/div>\n\t\t<\/div>\n\t\t\t\t\t<\/div>\n\t\t<\/section>\n\t\t\t\t<\/div>","protected":false},"excerpt":{"rendered":"<p>Estas condiciones de compra se aplican a todos los productos disponibles en Dobleuv , y para todos los clientes, ya sean personas f\u00edsicas o jur\u00eddicas, en cualquier parte del mundo. 001DERECHOS DE AUTORTodos los dise\u00f1os disponibles en la tienda online de Dobleuv est\u00e1n protegidos por derechos de autor. El cliente no puede nombrarse como autor [&hellip;]<\/p>","protected":false},"author":1,"featured_media":0,"parent":0,"menu_order":17,"comment_status":"closed","ping_status":"closed","template":"","meta":{"footnotes":""},"class_list":["post-4138","page","type-page","status-publish","hentry"],"yoast_head":"<!-- This site is optimized with the Yoast SEO plugin v27.5 - https:\/\/yoast.com\/product\/yoast-seo-wordpress\/ -->\n<title>T\u00e9rminos y condiciones - Dobleuv<\/title>\n<meta name=\"robots\" content=\"index, follow, max-snippet:-1, max-image-preview:large, max-video-preview:-1\" \/>\n<link rel=\"canonical\" href=\"https:\/\/dobleuv.com\/en\/terminos-y-condiciones\/\" \/>\n<meta property=\"og:locale\" content=\"en_US\" \/>\n<meta property=\"og:type\" content=\"article\" \/>\n<meta property=\"og:title\" content=\"T\u00e9rminos y condiciones - Dobleuv\" \/>\n<meta property=\"og:description\" content=\"Estas condiciones de compra se aplican a todos los productos disponibles en Dobleuv , y para todos los clientes, ya sean personas f\u00edsicas o jur\u00eddicas, en cualquier parte del mundo. 001DERECHOS DE AUTORTodos los dise\u00f1os disponibles en la tienda online de Dobleuv est\u00e1n protegidos por derechos de autor. El cliente no puede nombrarse como autor [&hellip;]\" \/>\n<meta property=\"og:url\" content=\"https:\/\/dobleuv.com\/en\/terminos-y-condiciones\/\" \/>\n<meta property=\"og:site_name\" content=\"Dobleuv\" \/>\n<meta property=\"article:modified_time\" content=\"2023-04-12T14:41:12+00:00\" \/>\n<meta name=\"twitter:card\" content=\"summary_large_image\" \/>\n<meta name=\"twitter:label1\" content=\"Est. reading time\" \/>\n\t<meta name=\"twitter:data1\" content=\"3 minutes\" \/>\n<script type=\"application\/ld+json\" class=\"yoast-schema-graph\">{\"@context\":\"https:\\\/\\\/schema.org\",\"@graph\":[{\"@type\":\"WebPage\",\"@id\":\"https:\\\/\\\/dobleuv.com\\\/terminos-y-condiciones\\\/\",\"url\":\"https:\\\/\\\/dobleuv.com\\\/terminos-y-condiciones\\\/\",\"name\":\"T\u00e9rminos y condiciones - Dobleuv\",\"isPartOf\":{\"@id\":\"https:\\\/\\\/dobleuv.com\\\/en\\\/#website\"},\"datePublished\":\"2022-03-22T14:05:59+00:00\",\"dateModified\":\"2023-04-12T14:41:12+00:00\",\"breadcrumb\":{\"@id\":\"https:\\\/\\\/dobleuv.com\\\/terminos-y-condiciones\\\/#breadcrumb\"},\"inLanguage\":\"en-US\",\"potentialAction\":[{\"@type\":\"ReadAction\",\"target\":[\"https:\\\/\\\/dobleuv.com\\\/terminos-y-condiciones\\\/\"]}]},{\"@type\":\"BreadcrumbList\",\"@id\":\"https:\\\/\\\/dobleuv.com\\\/terminos-y-condiciones\\\/#breadcrumb\",\"itemListElement\":[{\"@type\":\"ListItem\",\"position\":1,\"name\":\"Inicio\",\"item\":\"https:\\\/\\\/dobleuv.com\\\/\"},{\"@type\":\"ListItem\",\"position\":2,\"name\":\"T\u00e9rminos y condiciones\"}]},{\"@type\":\"WebSite\",\"@id\":\"https:\\\/\\\/dobleuv.com\\\/en\\\/#website\",\"url\":\"https:\\\/\\\/dobleuv.com\\\/en\\\/\",\"name\":\"Dobleuv\",\"description\":\"We desing the digital transformation of your brand so that you can attract new customers, position your brand and generate impact around the globe.\",\"publisher\":{\"@id\":\"https:\\\/\\\/dobleuv.com\\\/en\\\/#organization\"},\"potentialAction\":[{\"@type\":\"SearchAction\",\"target\":{\"@type\":\"EntryPoint\",\"urlTemplate\":\"https:\\\/\\\/dobleuv.com\\\/en\\\/?s={search_term_string}\"},\"query-input\":{\"@type\":\"PropertyValueSpecification\",\"valueRequired\":true,\"valueName\":\"search_term_string\"}}],\"inLanguage\":\"en-US\"},{\"@type\":\"Organization\",\"@id\":\"https:\\\/\\\/dobleuv.com\\\/en\\\/#organization\",\"name\":\"Dobleuv\",\"url\":\"https:\\\/\\\/dobleuv.com\\\/en\\\/\",\"logo\":{\"@type\":\"ImageObject\",\"inLanguage\":\"en-US\",\"@id\":\"https:\\\/\\\/dobleuv.com\\\/en\\\/#\\\/schema\\\/logo\\\/image\\\/\",\"url\":\"https:\\\/\\\/dobleuv.com\\\/wp-content\\\/uploads\\\/2022\\\/02\\\/Logo_dobleuv.svg\",\"contentUrl\":\"https:\\\/\\\/dobleuv.com\\\/wp-content\\\/uploads\\\/2022\\\/02\\\/Logo_dobleuv.svg\",\"width\":203.99699,\"height\":31,\"caption\":\"Dobleuv\"},\"image\":{\"@id\":\"https:\\\/\\\/dobleuv.com\\\/en\\\/#\\\/schema\\\/logo\\\/image\\\/\"}}]}<\/script>\n<!-- \/ Yoast SEO plugin. -->","yoast_head_json":{"title":"T\u00e9rminos y condiciones - Dobleuv","robots":{"index":"index","follow":"follow","max-snippet":"max-snippet:-1","max-image-preview":"max-image-preview:large","max-video-preview":"max-video-preview:-1"},"canonical":"https:\/\/dobleuv.com\/en\/terminos-y-condiciones\/","og_locale":"en_US","og_type":"article","og_title":"T\u00e9rminos y condiciones - Dobleuv","og_description":"Estas condiciones de compra se aplican a todos los productos disponibles en Dobleuv , y para todos los clientes, ya sean personas f\u00edsicas o jur\u00eddicas, en cualquier parte del mundo. 001DERECHOS DE AUTORTodos los dise\u00f1os disponibles en la tienda online de Dobleuv est\u00e1n protegidos por derechos de autor. El cliente no puede nombrarse como autor [&hellip;]","og_url":"https:\/\/dobleuv.com\/en\/terminos-y-condiciones\/","og_site_name":"Dobleuv","article_modified_time":"2023-04-12T14:41:12+00:00","twitter_card":"summary_large_image","twitter_misc":{"Est. reading time":"3 minutes"},"schema":{"@context":"https:\/\/schema.org","@graph":[{"@type":"WebPage","@id":"https:\/\/dobleuv.com\/terminos-y-condiciones\/","url":"https:\/\/dobleuv.com\/terminos-y-condiciones\/","name":"T\u00e9rminos y condiciones - Dobleuv","isPartOf":{"@id":"https:\/\/dobleuv.com\/en\/#website"},"datePublished":"2022-03-22T14:05:59+00:00","dateModified":"2023-04-12T14:41:12+00:00","breadcrumb":{"@id":"https:\/\/dobleuv.com\/terminos-y-condiciones\/#breadcrumb"},"inLanguage":"en-US","potentialAction":[{"@type":"ReadAction","target":["https:\/\/dobleuv.com\/terminos-y-condiciones\/"]}]},{"@type":"BreadcrumbList","@id":"https:\/\/dobleuv.com\/terminos-y-condiciones\/#breadcrumb","itemListElement":[{"@type":"ListItem","position":1,"name":"Inicio","item":"https:\/\/dobleuv.com\/"},{"@type":"ListItem","position":2,"name":"T\u00e9rminos y condiciones"}]},{"@type":"WebSite","@id":"https:\/\/dobleuv.com\/en\/#website","url":"https:\/\/dobleuv.com\/en\/","name":"Dobleuv","description":"We desing the digital transformation of your brand so that you can attract new customers, position your brand and generate impact around the globe.","publisher":{"@id":"https:\/\/dobleuv.com\/en\/#organization"},"potentialAction":[{"@type":"SearchAction","target":{"@type":"EntryPoint","urlTemplate":"https:\/\/dobleuv.com\/en\/?s={search_term_string}"},"query-input":{"@type":"PropertyValueSpecification","valueRequired":true,"valueName":"search_term_string"}}],"inLanguage":"en-US"},{"@type":"Organization","@id":"https:\/\/dobleuv.com\/en\/#organization","name":"Dobleuv","url":"https:\/\/dobleuv.com\/en\/","logo":{"@type":"ImageObject","inLanguage":"en-US","@id":"https:\/\/dobleuv.com\/en\/#\/schema\/logo\/image\/","url":"https:\/\/dobleuv.com\/wp-content\/uploads\/2022\/02\/Logo_dobleuv.svg","contentUrl":"https:\/\/dobleuv.com\/wp-content\/uploads\/2022\/02\/Logo_dobleuv.svg","width":203.99699,"height":31,"caption":"Dobleuv"},"image":{"@id":"https:\/\/dobleuv.com\/en\/#\/schema\/logo\/image\/"}}]}},"_links":{"self":[{"href":"https:\/\/dobleuv.com\/en\/wp-json\/wp\/v2\/pages\/4138","targetHints":{"allow":["GET"]}}],"collection":[{"href":"https:\/\/dobleuv.com\/en\/wp-json\/wp\/v2\/pages"}],"about":[{"href":"https:\/\/dobleuv.com\/en\/wp-json\/wp\/v2\/types\/page"}],"author":[{"embeddable":true,"href":"https:\/\/dobleuv.com\/en\/wp-json\/wp\/v2\/users\/1"}],"replies":[{"embeddable":true,"href":"https:\/\/dobleuv.com\/en\/wp-json\/wp\/v2\/comments?post=4138"}],"version-history":[{"count":3,"href":"https:\/\/dobleuv.com\/en\/wp-json\/wp\/v2\/pages\/4138\/revisions"}],"predecessor-version":[{"id":15040,"href":"https:\/\/dobleuv.com\/en\/wp-json\/wp\/v2\/pages\/4138\/revisions\/15040"}],"wp:attachment":[{"href":"https:\/\/dobleuv.com\/en\/wp-json\/wp\/v2\/media?parent=4138"}],"curies":[{"name":"wp","href":"https:\/\/api.w.org\/{rel}","templated":true}]}}