{"id":4112,"date":"2022-03-22T10:52:23","date_gmt":"2022-03-22T13:52:23","guid":{"rendered":"https:\/\/dobleuv.com\/?page_id=4112"},"modified":"2023-06-30T15:35:06","modified_gmt":"2023-06-30T18:35:06","slug":"politica-de-privacidad","status":"publish","type":"page","link":"https:\/\/dobleuv.com\/en\/politica-de-privacidad\/","title":{"rendered":"Pol\u00edtica de privacidad"},"content":{"rendered":"<div data-elementor-type=\"wp-page\" data-elementor-id=\"4112\" class=\"elementor elementor-4112\" data-elementor-post-type=\"page\">\n\t\t\t\t\t\t<section class=\"elementor-section elementor-top-section elementor-element elementor-element-eaa5caf elementor-reverse-mobile elementor-section-boxed elementor-section-height-default elementor-section-height-default\" data-id=\"eaa5caf\" data-element_type=\"section\" id=\"top\">\n\t\t\t\t\t\t<div class=\"elementor-container elementor-column-gap-default\">\n\t\t\t\t\t<div class=\"elementor-column elementor-col-100 elementor-top-column elementor-element elementor-element-faeb3ff\" data-id=\"faeb3ff\" data-element_type=\"column\">\n\t\t\t<div class=\"elementor-widget-wrap elementor-element-populated\">\n\t\t\t\t\t\t<div class=\"elementor-element elementor-element-219c086 elementor-widget elementor-widget-heading\" data-id=\"219c086\" data-element_type=\"widget\" data-widget_type=\"heading.default\">\n\t\t\t\t<div class=\"elementor-widget-container\">\n\t\t\t<h1 class=\"elementor-heading-title elementor-size-default\">Pol\u00edtica de privacidad<\/h1>\t\t<\/div>\n\t\t\t\t<\/div>\n\t\t\t\t<div class=\"elementor-element elementor-element-19d6fd8 elementor-widget elementor-widget-text-editor\" data-id=\"19d6fd8\" data-element_type=\"widget\" data-widget_type=\"text-editor.default\">\n\t\t\t\t<div class=\"elementor-widget-container\">\n\t\t\t\t\t\t\t<p>Pol\u00edtica de privacidad de <strong><a href=\"https:\/\/dobleuv.com\/en\/\" target=\"_blank\" rel=\"noopener\"><span style=\"color: #1d54d5;\">dobleuv.com<\/span><\/a><\/strong><br>Para recibir la informaci\u00f3n sobre sus Datos Personales, la finalidad y las partes con las que se comparte, contacten con hola@dobleuv.com.<\/p>\n<p>001<br><strong>RESPONSABLES<\/strong><br>De conformidad con lo dispuesto en el Reglamento General (UE) Sobre Protecci\u00f3n de Datos, mediante la aceptaci\u00f3n de la presente Pol\u00edtica de Privacidad prestas tu consentimiento informado, expreso, libre e inequ\u00edvoco para que los datos personales que proporciones a trav\u00e9s de la p\u00e1gina web www.dobleuv.com (en adelante SITIO WEB) sean incluidos en un fichero de \u201cSuscriptores\u201d o \u201cclientes y\/o proveedores\u201d.&nbsp;<\/p>\n<p>Todo ello debidamente inscrito ante la agencia Espa\u00f1ola de Protecci\u00f3n de Datos y respecto del que cada una de las integrantes de Dobleuv garantiza que se han aplicado las medidas de seguridad tanto organizativas como t\u00e9cnicas requeridas por el RGPD.<\/p>\n<p>La presente Pol\u00edtica de Privacidad ser\u00e1 v\u00e1lida \u00fanicamente para los datos de car\u00e1cter personal obtenidos en el Sitio Web, no siendo aplicable para aquella informaci\u00f3n recabada por terceros en otras p\u00e1ginas web, incluso si \u00e9stas se encuentran enlazadas por el Sitio Web.<\/p>\n<p>Manifestamos nuestro compromiso por mantener y garantizar las relaciones comerciales de forma segura mediante la protecci\u00f3n de los datos personales y garantizando el derecho a la privacidad de cada uno de los usuarios de nuestro sitio web.<\/p>\n<p>002<br><strong>DATOS PERSONALES<\/strong><br>Cualquier informaci\u00f3n relativa a una persona que nos facilita cuando visita nuestro sitio web, en nuestro caso nombre e email, y si compra alg\u00fan producto necesitando factura, solicitaremos Domicilio completo, nombre, apellidos y DNI o CIF.<br>Adicionalmente, cuando visitas nuestro sitio web, determinada informaci\u00f3n se almacena autom\u00e1ticamente por motivos t\u00e9cnicos como la direcci\u00f3n IP asignada por su proveedor de acceso a Internet.<br>Tal y como se recoge en la normativa, se informa al USUARIO que, a trav\u00e9s de los formularios de contacto, o suscripciones se recaban datos, los cuales se almacenan en un fichero, con la exclusiva finalidad de env\u00edo de comunicaciones electr\u00f3nicas, tales como: boletines (newsletters), nuevas entradas (posts), ofertas comerciales, as\u00ed como otras comunicaciones que Dobleuv entiende interesantes para sus USUARIOS. Los campos marcados como de cumplimentaci\u00f3n obligatoria, son imprescindibles para realizar la finalidad expresada.<br>Asimismo podr\u00e1 dar cumplimiento mediante los datos, a los requerimientos solicitados por los USUARIOS.<\/p>\n<p>003<br><strong>FINALIDAD DE LOS DATOS<\/strong><br>\u2022 La difusi\u00f3n de novedades, ofertas, promociones o noticias de inter\u00e9s.<br>\u2022 La venta de cursos, productos y servicios que Dobleuv o sus integrantes imparten.<br>\u2022 La venta de recursos digitales de nuestra tienda online.<br>\u00danicamente el titular tendr\u00e1 acceso a sus datos, y bajo ning\u00fan concepto, estos datos ser\u00e1n cedidos, compartidos, transferidos, ni vendidos a ning\u00fan tercero.<br>La aceptaci\u00f3n de la pol\u00edtica de privacidad, mediante el procedimiento establecido de double opt-in, se entender\u00e1 a todos los efectos como la prestaci\u00f3n de CONSENTIMIENTO EXPRESO E INEQUIVOCO del USUARIO al tratamiento de los datos de car\u00e1cter personal en los t\u00e9rminos que se exponen en el presente documento, as\u00ed como a la transferencia internacional de datos que se produce, exclusivamente debido a la ubicaci\u00f3n f\u00edsica de las instalaciones de los proveedores de servicios y encargados del tratamiento de datos.<br>En ning\u00fan caso se realizar\u00e1 un uso diferente que la finalidad para los que han sido recabados los datos ni muchos menos cederemos a un tercero estos datos.<\/p>\n<p>004<br><strong>MENORES DE EDAD<\/strong><br>En el supuesto de ser mayor de trece a\u00f1os, podr\u00e1s registrarte en www.dobleuv.com sin necesidad del consentimiento previo de tus padres o tutores. En cambio, si eres menor de 14 a\u00f1os, ser\u00e1 condici\u00f3n obligatoria el consentimiento de tus padres o tutores para que podamos tratar tus datos personales. De tal modo, no puedes registrarte en la web por lo que procederemos a denegar tu solicitud en caso de tener constancia de ello.<\/p>\n<p>005<br><strong>LEGITIMACI\u00d3N<\/strong><br>Gracias al consentimiento, podemos tratar tus datos siendo requisito obligatorio para poder suscribirte a la p\u00e1gina web. Como bien sabes, puedes retirar tu consentimiento en cualquier momento que desees.<\/p>\n<p>006<br><strong>CATEGOR\u00cdA DE LOS DATOS<\/strong><br>Los datos recabados en ning\u00fan momento son especialmente protegidos, sino que se encuentran categorizados como datos identificativos.<\/p>\n<p>007<br><strong>TIEMPO DE CONSERVACI\u00d3N<\/strong><br>Conservaremos tus datos durante el tiempo legalmente establecido o hasta que solicites eliminarlos.<\/p>\n<p>008<br><strong>EXACTITUD Y VERACIDAD<\/strong><br>Eres el \u00fanico responsable de la veracidad y exactitud de los datos que nos remitas eximi\u00e9ndonos de cualquier tipo de responsabilidad al respecto. Como usuario, debes garantizar la exactitud y autenticidad de los datos personales facilitados debiendo aportar la informaci\u00f3n completa y correcta en los distintos formularios de captaci\u00f3n de datos.<\/p>\n<p>009<br><strong>CUMPLIMIENTO DE LA NORMATIVA<\/strong><br>Dobleuv hasta la fecha cumple con las directrices de la Ley Org\u00e1nica 15\/1999 de 13 de diciembre de Protecci\u00f3n de Datos de Car\u00e1cter Personal, el Real Decreto 1720\/2007 de 21 de diciembre por el que se aprueba el Reglamento de desarrollo de dicha Ley Org\u00e1nica y dem\u00e1s normativa vigente y de aplicaci\u00f3n en cada momento, velando por garantizar un correcto uso y tratamiento de los datos personales del usuario.<br>A partir de mayo de 2018, nos regiremos por la normativa que entrar\u00e1 en aplicaci\u00f3n, siendo el Reglamento General sobre Protecci\u00f3n de Datos (RGPD) de la Uni\u00f3n Europea.<br>Asimismo, Dobleuv informa que da cumplimiento a la Ley 34\/2002 de 11 de julio, de Servicios de la Sociedad de la Informaci\u00f3n y el Comercio Electr\u00f3nico y le solicitar\u00e1 su consentimiento al USUARIO para el tratamiento de su correo electr\u00f3nico con fines comerciales en cada momento.<br>En cumplimiento de lo establecido en la normativa, le informamos que los datos suministrados, as\u00ed como aquellos datos derivados de su navegaci\u00f3n, podr\u00e1n ser almacenados en los ficheros de Dobleuv y tratados para la finalidad de atender su solicitud y el mantenimiento de la relaci\u00f3n que se establezca en los formularios que suscriba.<br>Adicionalmente, el USUARIO consiente el tratamiento de sus datos con la finalidad de informarles, por cualquier medio, incluido el correo electr\u00f3nico, de productos y servicios de Dobleuv. En caso de no autorizar el tratamiento de sus datos con la finalidad se\u00f1alada anteriormente, el USUARIO podr\u00e1 ejercer su derecho de oposici\u00f3n al tratamiento de sus datos en los t\u00e9rminos y condiciones previstos m\u00e1s adelante en el apartado \u201cEjercicio de Derechos\u201d.<\/p>\n<p>010<br><strong>MEDIDAS DE SEGURIDAD<\/strong><br>Con el objetivo de salvaguardar la seguridad de sus datos personales, le informamos que en Dobleuv se han adoptado todas las medidas de \u00edndole t\u00e9cnica y organizativa necesarias para garantizar la seguridad de los datos personales suministrados. Todo ello para evitar su alteraci\u00f3n, p\u00e9rdida, y\/o tratamientos o accesos no autorizados, tal como exige la normativa, si bien la seguridad absoluta no existe.<br>Es importante que, para que podamos mantener sus datos personales actualizados, nos informe siempre que se produzca una modificaci\u00f3n de los mismos.<br>Igualmente, tal y como pueden comprobar, la web dispone de certificado SSL por lo que se garantiza la seguridad de sus datos.<\/p>\n<p>011<br><strong>EJERCICIO DE DERECHOS<\/strong><br>Aquellas personas f\u00edsicas que hayan facilitado sus datos a trav\u00e9s de nuestro SITIO WEB, podr\u00e1n dirigirse al titular de la misma con el fin de poder ejercitar gratuitamente sus derechos de acceso a sus datos, rectificaci\u00f3n o supresi\u00f3n, limitaci\u00f3n y oposici\u00f3n respecto de los datos incorporados en sus ficheros.<br>El m\u00e9todo m\u00e1s r\u00e1pido y sencillo ser\u00eda accediendo en tu cuenta de usuario directamente y modificar tus datos o borrar tu cuenta de usuario. Cualquier informaci\u00f3n que necesitemos almacenar, en virtud de una obligaci\u00f3n legal o contractual, ser\u00e1 bloqueada y s\u00f3lo utilizada para dichos fines en lugar de ser borrada.<br>El interesado podr\u00e1 ejercitar sus derechos mediante comunicaci\u00f3n por escrito dirigida a Dobleuv con la referencia \u201cProtecci\u00f3n de datos\u201d, especificando sus datos, acreditando su identidad y los motivos de su solicitud a trav\u00e9s del correo electr\u00f3nico hola@dobleuv.com<\/p>\n<p>012<br><strong>LINKS O ENLACES EXTERNOS<\/strong><br>Como un servicio a nuestros visitantes, nuestro sitio web puede incluir hiperv\u00ednculos a otros sitios que no son operados o controlados por el Sitio Web. Por ello www.dobleuv.com no garantiza, ni se hace responsable de la licitud, fiabilidad, utilidad, veracidad y actualidad de los contenidos de tales sitios web o de sus pr\u00e1cticas de privacidad. Por favor, antes de proporcionar su informaci\u00f3n personal a estos sitios web ajenos a www.dobleuv.com, tenga en cuenta que sus pr\u00e1cticas de privacidad pueden diferir de las nuestras.<\/p>\n<p>013<br><strong>MODIFICACI\u00d3N DE LA POL\u00cdTICA<\/strong><br>Dobleuv se reserva el derecho a modificar su Pol\u00edtica de Privacidad, de acuerdo a su propio criterio, motivado por un cambio legislativo, jurisprudencial o doctrinal de la Agencia Espa\u00f1ola de Protecci\u00f3n de Datos. Cualquier modificaci\u00f3n de la Pol\u00edtica de Privacidad ser\u00e1 publicada al menos diez d\u00edas antes de su efectiva aplicaci\u00f3n.<\/p>\n<p>014<br><strong>RESPONSABLE DEL FICHERO, Y ENCARGADOS DEL TRATAMIENTO<\/strong><br>El responsable del fichero de datos es Dobleuv y por consiguiente las 2 integrantes anteriormente expuestas en el apartado \u201cresponsable del tratamiento de sus datos\u201d.<\/p>\n<p>015<br><strong>REVOCACI\u00d3N<\/strong><br>De conformidad con lo dispuesto en la Ley 34\/20023, de 11 de junio de Servicios de la Sociedad de la Informaci\u00f3n y del Comercio Electr\u00f3nico puedes oponerte al uso de su informaci\u00f3n para fines publicitarios, investigaciones de mercado o desarrollo de encuestas de satisfacci\u00f3n en cualquier momento, as\u00ed como revocar tu consentimiento en cualquier momento (sin efecto retroactivo). Para ello, deber\u00e1s enviar un correo electr\u00f3nico a la direcci\u00f3n hola@dobleuv.com. Si has recibido publicidad por correo electr\u00f3nico, tambi\u00e9n podr\u00e1s oponerte desde dicho correo electr\u00f3nico, pinchando en el enlace incluido en el mismo siguiendo las instrucciones que te sean facilitadas. Otra forma m\u00e1s sencilla ser\u00eda acceder a tu cuenta de usuario y seleccionar las opciones correspondientes.<br>Por favor, ten en cuenta que nuestros sistemas pueden requerir un lapso de tiempo que en ning\u00fan caso superar\u00e1 48 horas para que tu oposici\u00f3n o revocaci\u00f3n se hagan efectivas, entendi\u00e9ndose que durante dicho periodo de tiempo puedes seguir recibiendo mensajes.<\/p>\n<p>016<br><strong>SOCIAL MEDIA<\/strong><br>Te informamos que Dobleuv tiene presencia en redes sociales. El tratamiento de los datos que se lleve a cabo de las personas que se hagan seguidoras en las redes sociales (y\/o realicen cualquier v\u00ednculo o acci\u00f3n de conexi\u00f3n a trav\u00e9s de las redes sociales) de las p\u00e1ginas oficiales de Dobleuv se regir\u00e1 por este apartado, as\u00ed como por aquellas condiciones de uso, pol\u00edticas de privacidad y normativas de acceso que pertenezcan a la red social que proceda en cada caso y aceptadas previamente por el usuario.<br>Dobleuv tratar\u00e1 sus datos con las finalidades de administrar correctamente su presencia en la red social, inform\u00e1ndole de actividades productos o servicios de Dobleuv as\u00ed como para cualquier otra finalidad que las normativas de las Redes Sociales permitan.<\/p>\n<p>017<br><strong>SISTEMAS DE CAPTURA DE DATOS Y FINALIDAD<\/strong><br>\u2022 Formularios de suscripci\u00f3n a contenidos: dentro de la web existen varios formularios para activar la suscripci\u00f3n gestionada por Perfit con la finalidad de enviar campa\u00f1as de marketing por correo electr\u00f3nico, gesti\u00f3n de suscripciones y env\u00edo de boletines o noticias.<br>\u2022 Formulario de contacto: Existe un formulario de contacto cuya finalidad es la respuesta de consultas, sugerencias o contacto profesional. En este caso se utilizar\u00e1 la direcci\u00f3n de correo electr\u00f3nico para responder a las mismas y enviar la informaci\u00f3n que el usuario requiera a trav\u00e9s de la web.<br>\u2022 Cookies: Cuando el usuario se registra o navega en esta web, se almacenan \u201ccookies\u201d, El usuario puede consultar en cualquier momento la pol\u00edtica de cookies para ampliar informaci\u00f3n sobre el uso de cookies y c\u00f3mo desactivarlas.<br>\u2022 Venta de infoproductos, productos y cursos: A trav\u00e9s de la p\u00e1gina web, se pueden adquirir infoproductos, productos y cursos, en este caso, se requieren datos del comprador (Nombre, apellido, direcci\u00f3n y e-mail) mediante la plataforma Woocommerce.<br>\u2022 Los usuarios podr\u00e1n darse de baja en cualquier momento de los servicios prestados por dobleuv.com<\/p>\n<p>018<br><strong>ACEPTACI\u00d3N, CONSENTIMIENTO Y REVOCABILIDAD<\/strong><br>El Usuario declara haber sido informado de las condiciones sobre protecci\u00f3n de datos de car\u00e1cter personal, aceptando y consintiendo el tratamiento de los mismos por parte de Dobleuv en la forma y para las finalidades indicadas en el aviso legal.<br>Como bien sabe y le hemos comunicado a lo largo de las presentes pol\u00edticas de privacidad, en cualquier momento podr\u00e1 revocar sus datos, pero siempre sin car\u00e1cter retroactivo.<\/p>\n<p>019<br><strong>CONFIDENCIALIDAD<\/strong><br>Le informamos asimismo de que sus datos ser\u00e1n tratados con el m\u00e1ximo cuidado y confidencialidad por todo el personal que intervenga en Dobleuv. No cederemos ni comunicaremos a ning\u00fan tercero sus datos, excepto en los casos legalmente previstos, o salvo que nos hubieras autorizado de forma expresa.<\/p>\t\t\t\t\t\t<\/div>\n\t\t\t\t<\/div>\n\t\t\t\t\t<\/div>\n\t\t<\/div>\n\t\t\t\t\t<\/div>\n\t\t<\/section>\n\t\t\t\t<\/div>","protected":false},"excerpt":{"rendered":"<p>Pol\u00edtica de privacidad de dobleuv.comPara recibir la informaci\u00f3n sobre sus Datos Personales, la finalidad y las partes con las que se comparte, contacten con hola@dobleuv.com. 001RESPONSABLESDe conformidad con lo dispuesto en el Reglamento General (UE) Sobre Protecci\u00f3n de Datos, mediante la aceptaci\u00f3n de la presente Pol\u00edtica de Privacidad prestas tu consentimiento informado, expreso, libre e [&hellip;]<\/p>","protected":false},"author":1,"featured_media":0,"parent":0,"menu_order":18,"comment_status":"closed","ping_status":"closed","template":"","meta":{"footnotes":""},"class_list":["post-4112","page","type-page","status-publish","hentry"],"yoast_head":"<!-- This site is optimized with the Yoast SEO plugin v27.4 - https:\/\/yoast.com\/product\/yoast-seo-wordpress\/ -->\n<title>Pol\u00edtica de privacidad - Dobleuv<\/title>\n<meta name=\"robots\" content=\"index, follow, max-snippet:-1, max-image-preview:large, max-video-preview:-1\" \/>\n<link rel=\"canonical\" href=\"https:\/\/dobleuv.com\/en\/politica-de-privacidad\/\" \/>\n<meta property=\"og:locale\" content=\"en_US\" \/>\n<meta property=\"og:type\" content=\"article\" \/>\n<meta property=\"og:title\" content=\"Pol\u00edtica de privacidad - Dobleuv\" \/>\n<meta property=\"og:description\" content=\"Pol\u00edtica de privacidad de dobleuv.comPara recibir la informaci\u00f3n sobre sus Datos Personales, la finalidad y las partes con las que se comparte, contacten con hola@dobleuv.com. 001RESPONSABLESDe conformidad con lo dispuesto en el Reglamento General (UE) Sobre Protecci\u00f3n de Datos, mediante la aceptaci\u00f3n de la presente Pol\u00edtica de Privacidad prestas tu consentimiento informado, expreso, libre e [&hellip;]\" \/>\n<meta property=\"og:url\" content=\"https:\/\/dobleuv.com\/en\/politica-de-privacidad\/\" \/>\n<meta property=\"og:site_name\" content=\"Dobleuv\" \/>\n<meta property=\"article:modified_time\" content=\"2023-06-30T18:35:06+00:00\" \/>\n<meta name=\"twitter:card\" content=\"summary_large_image\" \/>\n<meta name=\"twitter:label1\" content=\"Est. reading time\" \/>\n\t<meta name=\"twitter:data1\" content=\"10 minutes\" \/>\n<script type=\"application\/ld+json\" class=\"yoast-schema-graph\">{\"@context\":\"https:\\\/\\\/schema.org\",\"@graph\":[{\"@type\":\"WebPage\",\"@id\":\"https:\\\/\\\/dobleuv.com\\\/politica-de-privacidad\\\/\",\"url\":\"https:\\\/\\\/dobleuv.com\\\/politica-de-privacidad\\\/\",\"name\":\"Pol\u00edtica de privacidad - Dobleuv\",\"isPartOf\":{\"@id\":\"https:\\\/\\\/dobleuv.com\\\/en\\\/#website\"},\"datePublished\":\"2022-03-22T13:52:23+00:00\",\"dateModified\":\"2023-06-30T18:35:06+00:00\",\"breadcrumb\":{\"@id\":\"https:\\\/\\\/dobleuv.com\\\/politica-de-privacidad\\\/#breadcrumb\"},\"inLanguage\":\"en-US\",\"potentialAction\":[{\"@type\":\"ReadAction\",\"target\":[\"https:\\\/\\\/dobleuv.com\\\/politica-de-privacidad\\\/\"]}]},{\"@type\":\"BreadcrumbList\",\"@id\":\"https:\\\/\\\/dobleuv.com\\\/politica-de-privacidad\\\/#breadcrumb\",\"itemListElement\":[{\"@type\":\"ListItem\",\"position\":1,\"name\":\"Inicio\",\"item\":\"https:\\\/\\\/dobleuv.com\\\/\"},{\"@type\":\"ListItem\",\"position\":2,\"name\":\"Pol\u00edtica de privacidad\"}]},{\"@type\":\"WebSite\",\"@id\":\"https:\\\/\\\/dobleuv.com\\\/en\\\/#website\",\"url\":\"https:\\\/\\\/dobleuv.com\\\/en\\\/\",\"name\":\"Dobleuv\",\"description\":\"We desing the digital transformation of your brand so that you can attract new customers, position your brand and generate impact around the globe.\",\"publisher\":{\"@id\":\"https:\\\/\\\/dobleuv.com\\\/en\\\/#organization\"},\"potentialAction\":[{\"@type\":\"SearchAction\",\"target\":{\"@type\":\"EntryPoint\",\"urlTemplate\":\"https:\\\/\\\/dobleuv.com\\\/en\\\/?s={search_term_string}\"},\"query-input\":{\"@type\":\"PropertyValueSpecification\",\"valueRequired\":true,\"valueName\":\"search_term_string\"}}],\"inLanguage\":\"en-US\"},{\"@type\":\"Organization\",\"@id\":\"https:\\\/\\\/dobleuv.com\\\/en\\\/#organization\",\"name\":\"Dobleuv\",\"url\":\"https:\\\/\\\/dobleuv.com\\\/en\\\/\",\"logo\":{\"@type\":\"ImageObject\",\"inLanguage\":\"en-US\",\"@id\":\"https:\\\/\\\/dobleuv.com\\\/en\\\/#\\\/schema\\\/logo\\\/image\\\/\",\"url\":\"https:\\\/\\\/dobleuv.com\\\/wp-content\\\/uploads\\\/2022\\\/02\\\/Logo_dobleuv.svg\",\"contentUrl\":\"https:\\\/\\\/dobleuv.com\\\/wp-content\\\/uploads\\\/2022\\\/02\\\/Logo_dobleuv.svg\",\"width\":203.99699,\"height\":31,\"caption\":\"Dobleuv\"},\"image\":{\"@id\":\"https:\\\/\\\/dobleuv.com\\\/en\\\/#\\\/schema\\\/logo\\\/image\\\/\"}}]}<\/script>\n<!-- \/ Yoast SEO plugin. -->","yoast_head_json":{"title":"Pol\u00edtica de privacidad - Dobleuv","robots":{"index":"index","follow":"follow","max-snippet":"max-snippet:-1","max-image-preview":"max-image-preview:large","max-video-preview":"max-video-preview:-1"},"canonical":"https:\/\/dobleuv.com\/en\/politica-de-privacidad\/","og_locale":"en_US","og_type":"article","og_title":"Pol\u00edtica de privacidad - Dobleuv","og_description":"Pol\u00edtica de privacidad de dobleuv.comPara recibir la informaci\u00f3n sobre sus Datos Personales, la finalidad y las partes con las que se comparte, contacten con hola@dobleuv.com. 001RESPONSABLESDe conformidad con lo dispuesto en el Reglamento General (UE) Sobre Protecci\u00f3n de Datos, mediante la aceptaci\u00f3n de la presente Pol\u00edtica de Privacidad prestas tu consentimiento informado, expreso, libre e [&hellip;]","og_url":"https:\/\/dobleuv.com\/en\/politica-de-privacidad\/","og_site_name":"Dobleuv","article_modified_time":"2023-06-30T18:35:06+00:00","twitter_card":"summary_large_image","twitter_misc":{"Est. reading time":"10 minutes"},"schema":{"@context":"https:\/\/schema.org","@graph":[{"@type":"WebPage","@id":"https:\/\/dobleuv.com\/politica-de-privacidad\/","url":"https:\/\/dobleuv.com\/politica-de-privacidad\/","name":"Pol\u00edtica de privacidad - Dobleuv","isPartOf":{"@id":"https:\/\/dobleuv.com\/en\/#website"},"datePublished":"2022-03-22T13:52:23+00:00","dateModified":"2023-06-30T18:35:06+00:00","breadcrumb":{"@id":"https:\/\/dobleuv.com\/politica-de-privacidad\/#breadcrumb"},"inLanguage":"en-US","potentialAction":[{"@type":"ReadAction","target":["https:\/\/dobleuv.com\/politica-de-privacidad\/"]}]},{"@type":"BreadcrumbList","@id":"https:\/\/dobleuv.com\/politica-de-privacidad\/#breadcrumb","itemListElement":[{"@type":"ListItem","position":1,"name":"Inicio","item":"https:\/\/dobleuv.com\/"},{"@type":"ListItem","position":2,"name":"Pol\u00edtica de privacidad"}]},{"@type":"WebSite","@id":"https:\/\/dobleuv.com\/en\/#website","url":"https:\/\/dobleuv.com\/en\/","name":"Dobleuv","description":"We desing the digital transformation of your brand so that you can attract new customers, position your brand and generate impact around the globe.","publisher":{"@id":"https:\/\/dobleuv.com\/en\/#organization"},"potentialAction":[{"@type":"SearchAction","target":{"@type":"EntryPoint","urlTemplate":"https:\/\/dobleuv.com\/en\/?s={search_term_string}"},"query-input":{"@type":"PropertyValueSpecification","valueRequired":true,"valueName":"search_term_string"}}],"inLanguage":"en-US"},{"@type":"Organization","@id":"https:\/\/dobleuv.com\/en\/#organization","name":"Dobleuv","url":"https:\/\/dobleuv.com\/en\/","logo":{"@type":"ImageObject","inLanguage":"en-US","@id":"https:\/\/dobleuv.com\/en\/#\/schema\/logo\/image\/","url":"https:\/\/dobleuv.com\/wp-content\/uploads\/2022\/02\/Logo_dobleuv.svg","contentUrl":"https:\/\/dobleuv.com\/wp-content\/uploads\/2022\/02\/Logo_dobleuv.svg","width":203.99699,"height":31,"caption":"Dobleuv"},"image":{"@id":"https:\/\/dobleuv.com\/en\/#\/schema\/logo\/image\/"}}]}},"_links":{"self":[{"href":"https:\/\/dobleuv.com\/en\/wp-json\/wp\/v2\/pages\/4112","targetHints":{"allow":["GET"]}}],"collection":[{"href":"https:\/\/dobleuv.com\/en\/wp-json\/wp\/v2\/pages"}],"about":[{"href":"https:\/\/dobleuv.com\/en\/wp-json\/wp\/v2\/types\/page"}],"author":[{"embeddable":true,"href":"https:\/\/dobleuv.com\/en\/wp-json\/wp\/v2\/users\/1"}],"replies":[{"embeddable":true,"href":"https:\/\/dobleuv.com\/en\/wp-json\/wp\/v2\/comments?post=4112"}],"version-history":[{"count":7,"href":"https:\/\/dobleuv.com\/en\/wp-json\/wp\/v2\/pages\/4112\/revisions"}],"predecessor-version":[{"id":15608,"href":"https:\/\/dobleuv.com\/en\/wp-json\/wp\/v2\/pages\/4112\/revisions\/15608"}],"wp:attachment":[{"href":"https:\/\/dobleuv.com\/en\/wp-json\/wp\/v2\/media?parent=4112"}],"curies":[{"name":"wp","href":"https:\/\/api.w.org\/{rel}","templated":true}]}}