{"id":4095,"date":"2022-03-22T10:46:31","date_gmt":"2022-03-22T13:46:31","guid":{"rendered":"https:\/\/dobleuv.com\/?page_id=4095"},"modified":"2022-05-02T08:48:03","modified_gmt":"2022-05-02T11:48:03","slug":"politica-de-cookies","status":"publish","type":"page","link":"https:\/\/dobleuv.com\/en\/politica-de-cookies\/","title":{"rendered":"Pol\u00edtica de cookies"},"content":{"rendered":"<div data-elementor-type=\"wp-page\" data-elementor-id=\"4095\" class=\"elementor elementor-4095\" data-elementor-post-type=\"page\">\n\t\t\t\t\t\t<section class=\"elementor-section elementor-top-section elementor-element elementor-element-1c9a0d1 elementor-reverse-mobile elementor-section-boxed elementor-section-height-default elementor-section-height-default\" data-id=\"1c9a0d1\" data-element_type=\"section\" id=\"top\">\n\t\t\t\t\t\t<div class=\"elementor-container elementor-column-gap-default\">\n\t\t\t\t\t<div class=\"elementor-column elementor-col-100 elementor-top-column elementor-element elementor-element-3d7e179\" data-id=\"3d7e179\" data-element_type=\"column\">\n\t\t\t<div class=\"elementor-widget-wrap elementor-element-populated\">\n\t\t\t\t\t\t<div class=\"elementor-element elementor-element-cfa4e5d elementor-widget elementor-widget-heading\" data-id=\"cfa4e5d\" data-element_type=\"widget\" data-widget_type=\"heading.default\">\n\t\t\t\t<div class=\"elementor-widget-container\">\n\t\t\t<h1 class=\"elementor-heading-title elementor-size-default\">Pol\u00edtica de cookies<\/h1>\t\t<\/div>\n\t\t\t\t<\/div>\n\t\t\t\t<div class=\"elementor-element elementor-element-ef5c88e elementor-widget elementor-widget-text-editor\" data-id=\"ef5c88e\" data-element_type=\"widget\" data-widget_type=\"text-editor.default\">\n\t\t\t\t<div class=\"elementor-widget-container\">\n\t\t\t\t\t\t\t<p>001<br \/><strong>QU\u00c9 ES UNA COOKIE<\/strong><br \/>Una cookie es un peque\u00f1o archivo de texto que contiene informaci\u00f3n acerca de c\u00f3mo utilizas la web de <strong>Dobleuv<\/strong>. Dicho fichero se almacena en tu navegador, y permite al mismo recordar informaci\u00f3n que has utilizado con anterioridad en esta p\u00e1gina web.<\/p><p>002<br \/><strong>COOKIES DE USO INTERNO<\/strong><br \/>Esta web utiliza cookies (en concreto cookies de <strong>WordPress.inc<\/strong>) de uso interno, estrictamente necesarias para el correcto funcionamiento del sitio.<\/p><p>003<br \/><strong>COOKIES DE NAVEGACI\u00d3N<\/strong><br \/>Recogen informaci\u00f3n sobre las visitas, el uso de las mismas en la web, los errores de carga, etc. Se trata de informaci\u00f3n an\u00f3nima, no recoge datos personales. El objetivo de las mismas es mejorar el funcionamiento de la web y conocer los h\u00e1bitos de navegaci\u00f3n del usuario a trav\u00e9s de <strong>Dobleuv<\/strong>, con el fin de mejor la navegaci\u00f3n a trav\u00e9s de ella.<\/p><p>004<br \/><strong>COOKIES FUNCIONALES<\/strong><br \/>Permiten recordar informaci\u00f3n, como por ejemplo, el nombre de usuario, contrase\u00f1a e email utilizados a la hora de comprar en la tienda online de Dobleuv. La informaci\u00f3n que recopilan estas cookies es an\u00f3nima.<\/p><p>005<br \/><strong>BLOQUEO DE COOKIES<\/strong><br \/>En caso de no querer almacenar las cookies de <strong>Dobleuv<\/strong>, configura tu navegador de internet para que las borre del disco duro de tu ordenador, las bloquee o te avise en caso de instalaci\u00f3n de las mismas:<br \/>\u2022 Chrome: Configuraci\u00f3n \/ Mostrar opciones avanzadas \/ Privacidad \/ Configuraci\u00f3n de contenido.<br \/>\u2022 Internet Explorer: Herramientas \/ Opciones de Internet \/ Privacidad \/ Configuraci\u00f3n.<br \/>\u2022 Firefox: Herramientas \/ Opciones \/ Privacidad \/ Historial \/ Configuraci\u00f3n Personalizada.<br \/>\u2022 Safari: Preferencias \/ Seguridad.<\/p><p>Dobleuv utiliza cookies propias y de terceros.<\/p>\t\t\t\t\t\t<\/div>\n\t\t\t\t<\/div>\n\t\t\t\t\t<\/div>\n\t\t<\/div>\n\t\t\t\t\t<\/div>\n\t\t<\/section>\n\t\t\t\t<\/div>","protected":false},"excerpt":{"rendered":"<p>001 QU\u00c9 ES UNA COOKIE Una cookie es un peque\u00f1o archivo de texto que contiene informaci\u00f3n acerca de c\u00f3mo utilizas la web de Dobleuv. Dicho fichero se almacena en tu navegador, y permite al mismo recordar informaci\u00f3n que has utilizado con anterioridad en esta p\u00e1gina web. 002 COOKIES DE USO INTERNO Esta web utiliza cookies [&hellip;]<\/p>","protected":false},"author":1,"featured_media":0,"parent":0,"menu_order":19,"comment_status":"closed","ping_status":"closed","template":"","meta":{"footnotes":""},"class_list":["post-4095","page","type-page","status-publish","hentry"],"yoast_head":"<!-- This site is optimized with the Yoast SEO plugin v27.4 - https:\/\/yoast.com\/product\/yoast-seo-wordpress\/ -->\n<title>Pol\u00edtica de cookies - Dobleuv<\/title>\n<meta name=\"robots\" content=\"index, follow, max-snippet:-1, max-image-preview:large, max-video-preview:-1\" \/>\n<link rel=\"canonical\" href=\"https:\/\/dobleuv.com\/en\/politica-de-cookies\/\" \/>\n<meta property=\"og:locale\" content=\"en_US\" \/>\n<meta property=\"og:type\" content=\"article\" \/>\n<meta property=\"og:title\" content=\"Pol\u00edtica de cookies - Dobleuv\" \/>\n<meta property=\"og:description\" content=\"001 QU\u00c9 ES UNA COOKIE Una cookie es un peque\u00f1o archivo de texto que contiene informaci\u00f3n acerca de c\u00f3mo utilizas la web de Dobleuv. Dicho fichero se almacena en tu navegador, y permite al mismo recordar informaci\u00f3n que has utilizado con anterioridad en esta p\u00e1gina web. 002 COOKIES DE USO INTERNO Esta web utiliza cookies [&hellip;]\" \/>\n<meta property=\"og:url\" content=\"https:\/\/dobleuv.com\/en\/politica-de-cookies\/\" \/>\n<meta property=\"og:site_name\" content=\"Dobleuv\" \/>\n<meta property=\"article:modified_time\" content=\"2022-05-02T11:48:03+00:00\" \/>\n<meta name=\"twitter:card\" content=\"summary_large_image\" \/>\n<meta name=\"twitter:label1\" content=\"Est. reading time\" \/>\n\t<meta name=\"twitter:data1\" content=\"1 minute\" \/>\n<script type=\"application\/ld+json\" class=\"yoast-schema-graph\">{\"@context\":\"https:\\\/\\\/schema.org\",\"@graph\":[{\"@type\":\"WebPage\",\"@id\":\"https:\\\/\\\/dobleuv.com\\\/politica-de-cookies\\\/\",\"url\":\"https:\\\/\\\/dobleuv.com\\\/politica-de-cookies\\\/\",\"name\":\"Pol\u00edtica de cookies - Dobleuv\",\"isPartOf\":{\"@id\":\"https:\\\/\\\/dobleuv.com\\\/en\\\/#website\"},\"datePublished\":\"2022-03-22T13:46:31+00:00\",\"dateModified\":\"2022-05-02T11:48:03+00:00\",\"breadcrumb\":{\"@id\":\"https:\\\/\\\/dobleuv.com\\\/politica-de-cookies\\\/#breadcrumb\"},\"inLanguage\":\"en-US\",\"potentialAction\":[{\"@type\":\"ReadAction\",\"target\":[\"https:\\\/\\\/dobleuv.com\\\/politica-de-cookies\\\/\"]}]},{\"@type\":\"BreadcrumbList\",\"@id\":\"https:\\\/\\\/dobleuv.com\\\/politica-de-cookies\\\/#breadcrumb\",\"itemListElement\":[{\"@type\":\"ListItem\",\"position\":1,\"name\":\"Inicio\",\"item\":\"https:\\\/\\\/dobleuv.com\\\/\"},{\"@type\":\"ListItem\",\"position\":2,\"name\":\"Pol\u00edtica de cookies\"}]},{\"@type\":\"WebSite\",\"@id\":\"https:\\\/\\\/dobleuv.com\\\/en\\\/#website\",\"url\":\"https:\\\/\\\/dobleuv.com\\\/en\\\/\",\"name\":\"Dobleuv\",\"description\":\"We desing the digital transformation of your brand so that you can attract new customers, position your brand and generate impact around the globe.\",\"publisher\":{\"@id\":\"https:\\\/\\\/dobleuv.com\\\/en\\\/#organization\"},\"potentialAction\":[{\"@type\":\"SearchAction\",\"target\":{\"@type\":\"EntryPoint\",\"urlTemplate\":\"https:\\\/\\\/dobleuv.com\\\/en\\\/?s={search_term_string}\"},\"query-input\":{\"@type\":\"PropertyValueSpecification\",\"valueRequired\":true,\"valueName\":\"search_term_string\"}}],\"inLanguage\":\"en-US\"},{\"@type\":\"Organization\",\"@id\":\"https:\\\/\\\/dobleuv.com\\\/en\\\/#organization\",\"name\":\"Dobleuv\",\"url\":\"https:\\\/\\\/dobleuv.com\\\/en\\\/\",\"logo\":{\"@type\":\"ImageObject\",\"inLanguage\":\"en-US\",\"@id\":\"https:\\\/\\\/dobleuv.com\\\/en\\\/#\\\/schema\\\/logo\\\/image\\\/\",\"url\":\"https:\\\/\\\/dobleuv.com\\\/wp-content\\\/uploads\\\/2022\\\/02\\\/Logo_dobleuv.svg\",\"contentUrl\":\"https:\\\/\\\/dobleuv.com\\\/wp-content\\\/uploads\\\/2022\\\/02\\\/Logo_dobleuv.svg\",\"width\":203.99699,\"height\":31,\"caption\":\"Dobleuv\"},\"image\":{\"@id\":\"https:\\\/\\\/dobleuv.com\\\/en\\\/#\\\/schema\\\/logo\\\/image\\\/\"}}]}<\/script>\n<!-- \/ Yoast SEO plugin. -->","yoast_head_json":{"title":"Pol\u00edtica de cookies - Dobleuv","robots":{"index":"index","follow":"follow","max-snippet":"max-snippet:-1","max-image-preview":"max-image-preview:large","max-video-preview":"max-video-preview:-1"},"canonical":"https:\/\/dobleuv.com\/en\/politica-de-cookies\/","og_locale":"en_US","og_type":"article","og_title":"Pol\u00edtica de cookies - Dobleuv","og_description":"001 QU\u00c9 ES UNA COOKIE Una cookie es un peque\u00f1o archivo de texto que contiene informaci\u00f3n acerca de c\u00f3mo utilizas la web de Dobleuv. Dicho fichero se almacena en tu navegador, y permite al mismo recordar informaci\u00f3n que has utilizado con anterioridad en esta p\u00e1gina web. 002 COOKIES DE USO INTERNO Esta web utiliza cookies [&hellip;]","og_url":"https:\/\/dobleuv.com\/en\/politica-de-cookies\/","og_site_name":"Dobleuv","article_modified_time":"2022-05-02T11:48:03+00:00","twitter_card":"summary_large_image","twitter_misc":{"Est. reading time":"1 minute"},"schema":{"@context":"https:\/\/schema.org","@graph":[{"@type":"WebPage","@id":"https:\/\/dobleuv.com\/politica-de-cookies\/","url":"https:\/\/dobleuv.com\/politica-de-cookies\/","name":"Pol\u00edtica de cookies - Dobleuv","isPartOf":{"@id":"https:\/\/dobleuv.com\/en\/#website"},"datePublished":"2022-03-22T13:46:31+00:00","dateModified":"2022-05-02T11:48:03+00:00","breadcrumb":{"@id":"https:\/\/dobleuv.com\/politica-de-cookies\/#breadcrumb"},"inLanguage":"en-US","potentialAction":[{"@type":"ReadAction","target":["https:\/\/dobleuv.com\/politica-de-cookies\/"]}]},{"@type":"BreadcrumbList","@id":"https:\/\/dobleuv.com\/politica-de-cookies\/#breadcrumb","itemListElement":[{"@type":"ListItem","position":1,"name":"Inicio","item":"https:\/\/dobleuv.com\/"},{"@type":"ListItem","position":2,"name":"Pol\u00edtica de cookies"}]},{"@type":"WebSite","@id":"https:\/\/dobleuv.com\/en\/#website","url":"https:\/\/dobleuv.com\/en\/","name":"Dobleuv","description":"We desing the digital transformation of your brand so that you can attract new customers, position your brand and generate impact around the globe.","publisher":{"@id":"https:\/\/dobleuv.com\/en\/#organization"},"potentialAction":[{"@type":"SearchAction","target":{"@type":"EntryPoint","urlTemplate":"https:\/\/dobleuv.com\/en\/?s={search_term_string}"},"query-input":{"@type":"PropertyValueSpecification","valueRequired":true,"valueName":"search_term_string"}}],"inLanguage":"en-US"},{"@type":"Organization","@id":"https:\/\/dobleuv.com\/en\/#organization","name":"Dobleuv","url":"https:\/\/dobleuv.com\/en\/","logo":{"@type":"ImageObject","inLanguage":"en-US","@id":"https:\/\/dobleuv.com\/en\/#\/schema\/logo\/image\/","url":"https:\/\/dobleuv.com\/wp-content\/uploads\/2022\/02\/Logo_dobleuv.svg","contentUrl":"https:\/\/dobleuv.com\/wp-content\/uploads\/2022\/02\/Logo_dobleuv.svg","width":203.99699,"height":31,"caption":"Dobleuv"},"image":{"@id":"https:\/\/dobleuv.com\/en\/#\/schema\/logo\/image\/"}}]}},"_links":{"self":[{"href":"https:\/\/dobleuv.com\/en\/wp-json\/wp\/v2\/pages\/4095","targetHints":{"allow":["GET"]}}],"collection":[{"href":"https:\/\/dobleuv.com\/en\/wp-json\/wp\/v2\/pages"}],"about":[{"href":"https:\/\/dobleuv.com\/en\/wp-json\/wp\/v2\/types\/page"}],"author":[{"embeddable":true,"href":"https:\/\/dobleuv.com\/en\/wp-json\/wp\/v2\/users\/1"}],"replies":[{"embeddable":true,"href":"https:\/\/dobleuv.com\/en\/wp-json\/wp\/v2\/comments?post=4095"}],"version-history":[{"count":1,"href":"https:\/\/dobleuv.com\/en\/wp-json\/wp\/v2\/pages\/4095\/revisions"}],"predecessor-version":[{"id":13645,"href":"https:\/\/dobleuv.com\/en\/wp-json\/wp\/v2\/pages\/4095\/revisions\/13645"}],"wp:attachment":[{"href":"https:\/\/dobleuv.com\/en\/wp-json\/wp\/v2\/media?parent=4095"}],"curies":[{"name":"wp","href":"https:\/\/api.w.org\/{rel}","templated":true}]}}