{"id":1529,"date":"2022-02-17T14:44:55","date_gmt":"2022-02-17T17:44:55","guid":{"rendered":"https:\/\/madison.com.ar\/clientes\/dobleuv\/?page_id=1529"},"modified":"2025-04-22T09:57:34","modified_gmt":"2025-04-22T12:57:34","slug":"contacto","status":"publish","type":"page","link":"https:\/\/dobleuv.com\/en\/contacto\/","title":{"rendered":"Contact"},"content":{"rendered":"<div data-elementor-type=\"wp-page\" data-elementor-id=\"1529\" class=\"elementor elementor-1529\" data-elementor-post-type=\"page\">\n\t\t\t\t\t\t<section class=\"elementor-section elementor-top-section elementor-element elementor-element-75e98e3 elementor-section-content-middle elementor-section-boxed elementor-section-height-default elementor-section-height-default\" data-id=\"75e98e3\" data-element_type=\"section\" data-settings=\"{&quot;background_background&quot;:&quot;classic&quot;,&quot;animation&quot;:&quot;none&quot;}\">\n\t\t\t\t\t\t<div class=\"elementor-container elementor-column-gap-default\">\n\t\t\t\t\t<div class=\"elementor-column elementor-col-100 elementor-top-column elementor-element elementor-element-1e745b1\" data-id=\"1e745b1\" data-element_type=\"column\">\n\t\t\t<div class=\"elementor-widget-wrap elementor-element-populated\">\n\t\t\t\t\t\t<div class=\"elementor-element elementor-element-5e2f026 elementor-widget__width-initial elementor-widget-mobile__width-inherit elementor-widget elementor-widget-heading\" data-id=\"5e2f026\" data-element_type=\"widget\" data-widget_type=\"heading.default\">\n\t\t\t\t<div class=\"elementor-widget-container\">\n\t\t\t<h1 class=\"elementor-heading-title elementor-size-default\">Free initial consultation! <\/h1>\t\t<\/div>\n\t\t\t\t<\/div>\n\t\t\t\t<div class=\"elementor-element elementor-element-4929941 elementor-widget__width-initial elementor-widget-mobile__width-inherit elementor-widget elementor-widget-heading\" data-id=\"4929941\" data-element_type=\"widget\" data-widget_type=\"heading.default\">\n\t\t\t\t<div class=\"elementor-widget-container\">\n\t\t\t<h2 class=\"elementor-heading-title elementor-size-default\"><a href=\"https:\/\/calendly.com\/dobleuv\/30min\" target=\"_blank\">Schedule your meeting.<\/a><\/h2>\t\t<\/div>\n\t\t\t\t<\/div>\n\t\t\t\t\t<\/div>\n\t\t<\/div>\n\t\t\t\t\t<\/div>\n\t\t<\/section>\n\t\t\t\t<section class=\"elementor-section elementor-top-section elementor-element elementor-element-240b445 elementor-section-height-min-height elementor-section-boxed elementor-section-height-default elementor-section-items-middle\" data-id=\"240b445\" data-element_type=\"section\">\n\t\t\t\t\t\t<div class=\"elementor-container elementor-column-gap-default\">\n\t\t\t\t\t<div class=\"elementor-column elementor-col-100 elementor-top-column elementor-element elementor-element-f76a990\" data-id=\"f76a990\" data-element_type=\"column\">\n\t\t\t<div class=\"elementor-widget-wrap elementor-element-populated\">\n\t\t\t\t\t\t<div class=\"elementor-element elementor-element-dde54ce elementor-widget elementor-widget-heading\" data-id=\"dde54ce\" data-element_type=\"widget\" data-widget_type=\"heading.default\">\n\t\t\t\t<div class=\"elementor-widget-container\">\n\t\t\t<h3 class=\"elementor-heading-title elementor-size-default\">Contact<\/h3>\t\t<\/div>\n\t\t\t\t<\/div>\n\t\t\t\t<div class=\"elementor-element elementor-element-5bd7ad4 elementor-widget elementor-widget-heading\" data-id=\"5bd7ad4\" data-element_type=\"widget\" data-widget_type=\"heading.default\">\n\t\t\t\t<div class=\"elementor-widget-container\">\n\t\t\t<span class=\"elementor-heading-title elementor-size-default\">All the digital solutions your company needs, you find them at Dobleuv. We are excited about the idea of working together. Let's connect!\n<\/span>\t\t<\/div>\n\t\t\t\t<\/div>\n\t\t\t\t\t<\/div>\n\t\t<\/div>\n\t\t\t\t\t<\/div>\n\t\t<\/section>\n\t\t\t\t<section class=\"elementor-section elementor-top-section elementor-element elementor-element-0c3f37e elementor-section-boxed elementor-section-height-default elementor-section-height-default\" data-id=\"0c3f37e\" data-element_type=\"section\">\n\t\t\t\t\t\t\t<div class=\"elementor-background-overlay\"><\/div>\n\t\t\t\t\t\t\t<div class=\"elementor-container elementor-column-gap-default\">\n\t\t\t\t\t<div class=\"elementor-column elementor-col-50 elementor-top-column elementor-element elementor-element-1792f30\" data-id=\"1792f30\" data-element_type=\"column\">\n\t\t\t<div class=\"elementor-widget-wrap elementor-element-populated\">\n\t\t\t\t\t\t<div class=\"elementor-element elementor-element-1632370 elementor-button-align-start elementor-widget elementor-widget-form\" data-id=\"1632370\" data-element_type=\"widget\" data-settings=\"{&quot;button_width&quot;:&quot;25&quot;,&quot;step_next_label&quot;:&quot;Next&quot;,&quot;step_previous_label&quot;:&quot;Previous&quot;,&quot;step_type&quot;:&quot;number_text&quot;,&quot;step_icon_shape&quot;:&quot;circle&quot;}\" data-widget_type=\"form.default\">\n\t\t\t\t<div class=\"elementor-widget-container\">\n\t\t\t\t\t<form class=\"elementor-form\" method=\"post\" name=\"Formulario de contacto\" action=\"\">\n\t\t\t<input type=\"hidden\" name=\"post_id\" value=\"1529\"\/>\n\t\t\t<input type=\"hidden\" name=\"form_id\" value=\"1632370\"\/>\n\t\t\t<input type=\"hidden\" name=\"referer_title\" value=\"Dobleuv\" \/>\n\n\t\t\t\n\t\t\t<div class=\"elementor-form-fields-wrapper elementor-labels-above\">\n\t\t\t\t\t\t\t\t<div class=\"elementor-field-type-text elementor-field-group elementor-column elementor-field-group-name elementor-col-50 elementor-field-required\">\n\t\t\t\t\t\t\t\t\t\t\t\t<label for=\"form-field-name\" class=\"elementor-field-label\">\n\t\t\t\t\t\t\t\tNice to meet you! What is your name\t\t\t\t\t\t\t<\/label>\n\t\t\t\t\t\t\t\t\t\t\t\t\t\t<input size=\"1\" type=\"text\" name=\"form_fields[name]\" id=\"form-field-name\" class=\"elementor-field elementor-size-sm  elementor-field-textual\" placeholder=\"Name*\" required=\"required\" aria-required=\"true\">\n\t\t\t\t\t\t\t\t\t\t\t<\/div>\n\t\t\t\t\t\t\t\t<div class=\"elementor-field-type-text elementor-field-group elementor-column elementor-field-group-field_39d1f01 elementor-col-50 elementor-field-required\">\n\t\t\t\t\t\t\t\t\t\t\t\t<label for=\"form-field-field_39d1f01\" class=\"elementor-field-label\">\n\t\t\t\t\t\t\t\tWhat is your last name?\t\t\t\t\t\t\t<\/label>\n\t\t\t\t\t\t\t\t\t\t\t\t\t\t<input size=\"1\" type=\"text\" name=\"form_fields[field_39d1f01]\" id=\"form-field-field_39d1f01\" class=\"elementor-field elementor-size-sm  elementor-field-textual\" placeholder=\"Surname*\" required=\"required\" aria-required=\"true\">\n\t\t\t\t\t\t\t\t\t\t\t<\/div>\n\t\t\t\t\t\t\t\t<div class=\"elementor-field-type-email elementor-field-group elementor-column elementor-field-group-email elementor-col-100 elementor-field-required\">\n\t\t\t\t\t\t\t\t\t\t\t\t<label for=\"form-field-email\" class=\"elementor-field-label\">\n\t\t\t\t\t\t\t\tLeave us your email.\t\t\t\t\t\t\t<\/label>\n\t\t\t\t\t\t\t\t\t\t\t\t\t\t<input size=\"1\" type=\"email\" name=\"form_fields[email]\" id=\"form-field-email\" class=\"elementor-field elementor-size-sm  elementor-field-textual\" placeholder=\"Email adress*\" required=\"required\" aria-required=\"true\">\n\t\t\t\t\t\t\t\t\t\t\t<\/div>\n\t\t\t\t\t\t\t\t<div class=\"elementor-field-type-tel elementor-field-group elementor-column elementor-field-group-field_195103f elementor-col-100\">\n\t\t\t\t\t\t\t\t\t\t\t\t<label for=\"form-field-field_195103f\" class=\"elementor-field-label\">\n\t\t\t\t\t\t\t\tLeave us your phone number.\t\t\t\t\t\t\t<\/label>\n\t\t\t\t\t\t\t\t<input size=\"1\" type=\"tel\" name=\"form_fields[field_195103f]\" id=\"form-field-field_195103f\" class=\"elementor-field elementor-size-sm  elementor-field-textual\" placeholder=\"Phone\" pattern=\"[0-9()#&amp;+*-=.]+\" title=\"Only numbers and phone characters (#, -, *, etc) are accepted.\">\n\n\t\t\t\t\t\t<\/div>\n\t\t\t\t\t\t\t\t<div class=\"elementor-field-type-select elementor-field-group elementor-column elementor-field-group-field_4ef212b elementor-col-100\">\n\t\t\t\t\t\t\t\t\t\t\t\t<label for=\"form-field-field_4ef212b\" class=\"elementor-field-label\">\n\t\t\t\t\t\t\t\tAre you seeking advice with:\t\t\t\t\t\t\t<\/label>\n\t\t\t\t\t\t\t\t<div class=\"elementor-field elementor-select-wrapper remove-before\">\n\t\t\t<div class=\"select-caret-down-wrapper\">\n\t\t\t\t<i aria-hidden=\"true\" class=\"eicon-caret-down\"><\/i>\t\t\t<\/div>\n\t\t\t<select name=\"form_fields[field_4ef212b]\" id=\"form-field-field_4ef212b\" class=\"elementor-field-textual elementor-size-sm\">\n\t\t\t\t\t\t\t\t\t<option value=\"\">Category<\/option>\n\t\t\t\t\t\t\t\t\t<option value=\"Dise\u00f1o Web \/ App\">Web Design \/ App<\/option>\n\t\t\t\t\t\t\t\t\t<option value=\"Marketing digital\">Digital marketing<\/option>\n\t\t\t\t\t\t\t\t\t<option value=\"Redes sociales\">Social Media<\/option>\n\t\t\t\t\t\t\t\t\t<option value=\"Dise\u00f1o de marca\">Brand design<\/option>\n\t\t\t\t\t\t\t\t\t<option value=\"Dise\u00f1o gr\u00e1fico\">Graphic design<\/option>\n\t\t\t\t\t\t\t\t\t<option value=\"Otro\">Other<\/option>\n\t\t\t\t\t\t\t<\/select>\n\t\t<\/div>\n\t\t\t\t\t\t<\/div>\n\t\t\t\t\t\t\t\t<div class=\"elementor-field-type-text elementor-field-group elementor-column elementor-field-group-field_816276a elementor-col-100\">\n\t\t\t\t\t\t\t\t\t\t\t\t<label for=\"form-field-field_816276a\" class=\"elementor-field-label\">\n\t\t\t\t\t\t\t\tWhat is the name of your brand\/project?\t\t\t\t\t\t\t<\/label>\n\t\t\t\t\t\t\t\t\t\t\t\t\t\t<input size=\"1\" type=\"text\" name=\"form_fields[field_816276a]\" id=\"form-field-field_816276a\" class=\"elementor-field elementor-size-sm  elementor-field-textual\" placeholder=\"Brand name\">\n\t\t\t\t\t\t\t\t\t\t\t<\/div>\n\t\t\t\t\t\t\t\t<div class=\"elementor-field-type-text elementor-field-group elementor-column elementor-field-group-field_82cdc85 elementor-col-100\">\n\t\t\t\t\t\t\t\t\t\t\t\t<label for=\"form-field-field_82cdc85\" class=\"elementor-field-label\">\n\t\t\t\t\t\t\t\tWhat is your website? If you have one.\t\t\t\t\t\t\t<\/label>\n\t\t\t\t\t\t\t\t\t\t\t\t\t\t<input size=\"1\" type=\"text\" name=\"form_fields[field_82cdc85]\" id=\"form-field-field_82cdc85\" class=\"elementor-field elementor-size-sm  elementor-field-textual\" placeholder=\"Design\">\n\t\t\t\t\t\t\t\t\t\t\t<\/div>\n\t\t\t\t\t\t\t\t<div class=\"elementor-field-type-text elementor-field-group elementor-column elementor-field-group-field_39fa379 elementor-col-100\">\n\t\t\t\t\t\t\t\t\t\t\t\t<label for=\"form-field-field_39fa379\" class=\"elementor-field-label\">\n\t\t\t\t\t\t\t\tWhat are your social media accounts? If you have any.\t\t\t\t\t\t\t<\/label>\n\t\t\t\t\t\t\t\t\t\t\t\t\t\t<input size=\"1\" type=\"text\" name=\"form_fields[field_39fa379]\" id=\"form-field-field_39fa379\" class=\"elementor-field elementor-size-sm  elementor-field-textual\" placeholder=\"Social Media\">\n\t\t\t\t\t\t\t\t\t\t\t<\/div>\n\t\t\t\t\t\t\t\t<div class=\"elementor-field-type-textarea elementor-field-group elementor-column elementor-field-group-field_6c5c99a elementor-col-100 elementor-field-required\">\n\t\t\t\t\t\t\t\t\t\t\t\t<label for=\"form-field-field_6c5c99a\" class=\"elementor-field-label\">\n\t\t\t\t\t\t\t\tTell us about your project\t\t\t\t\t\t\t<\/label>\n\t\t\t\t\t\t<textarea class=\"elementor-field-textual elementor-field  elementor-size-sm\" name=\"form_fields[field_6c5c99a]\" id=\"form-field-field_6c5c99a\" rows=\"4\" placeholder=\"Message\" required=\"required\" aria-required=\"true\"><\/textarea>\t\t\t\t<\/div>\n\t\t\t\t\t\t\t\t<div class=\"elementor-field-type-recaptcha_v3 elementor-field-group elementor-column elementor-field-group-field_1a6be85 elementor-col-100 recaptcha_v3-bottomright\">\n\t\t\t\t\t<div class=\"elementor-field\" id=\"form-field-field_1a6be85\"><div class=\"elementor-g-recaptcha\" data-sitekey=\"6LeXMYAqAAAAAIQscZRxWYdzMahjDBQylJoAi6R6\" data-type=\"v3\" data-action=\"Form\" data-badge=\"bottomright\" data-size=\"invisible\"><\/div><\/div>\t\t\t\t<\/div>\n\t\t\t\t\t\t\t\t<div class=\"elementor-field-type-text\">\n\t\t\t\t\t<input size=\"1\" type=\"text\" name=\"form_fields[field_d794ffa]\" id=\"form-field-field_d794ffa\" class=\"elementor-field elementor-size-sm\" style=\"display:none !important;\">\t\t\t\t<\/div>\n\t\t\t\t\t\t\t\t<div class=\"elementor-field-type-text\">\n\t\t\t\t\t<input size=\"1\" type=\"text\" name=\"form_fields[field_476395d]\" id=\"form-field-field_476395d\" class=\"elementor-field elementor-size-sm\" style=\"display:none !important;\">\t\t\t\t<\/div>\n\t\t\t\t\t\t\t\t<div class=\"elementor-field-type-html elementor-field-group elementor-column elementor-field-group-field_85d5ed3 elementor-col-100\">\n\t\t\t\t\t<a id=\"texto-form-contacto\">We will respond to your inquiry with an estimated time of 2 hours.<\/a>\t\t\t\t<\/div>\n\t\t\t\t\t\t\t\t<div class=\"elementor-field-group elementor-column elementor-field-type-submit elementor-col-25 e-form__buttons\">\n\t\t\t\t\t<button type=\"submit\" class=\"elementor-button elementor-size-sm\">\n\t\t\t\t\t\t<span >\n\t\t\t\t\t\t\t\t\t\t\t\t\t\t\t<span class=\"elementor-button-icon\">\n\t\t\t\t\t\t\t\t\t\t\t\t\t\t\t\t\t\t\t\t\t\t\t\t\t\t<\/span>\n\t\t\t\t\t\t\t\t\t\t\t\t\t\t\t\t\t\t\t\t\t\t<span class=\"elementor-button-text\">Submit<\/span>\n\t\t\t\t\t\t\t\t\t\t\t\t\t<\/span>\n\t\t\t\t\t<\/button>\n\t\t\t\t<\/div>\n\t\t\t<\/div>\n\t\t<input type=\"hidden\" name=\"trp-form-language\" value=\"en\"\/><\/form>\n\t\t\t\t<\/div>\n\t\t\t\t<\/div>\n\t\t\t\t\t<\/div>\n\t\t<\/div>\n\t\t\t\t<div class=\"elementor-column elementor-col-50 elementor-top-column elementor-element elementor-element-d979f3e\" data-id=\"d979f3e\" data-element_type=\"column\">\n\t\t\t<div class=\"elementor-widget-wrap elementor-element-populated\">\n\t\t\t\t\t\t<div class=\"elementor-element elementor-element-387fd10 elementor-hidden-mobile elementor-hidden-desktop elementor-hidden-tablet elementor-widget elementor-widget-image\" data-id=\"387fd10\" data-element_type=\"widget\" data-widget_type=\"image.default\">\n\t\t\t\t<div class=\"elementor-widget-container\">\n\t\t\t\t\t\t\t\t\t\t\t\t\t<img fetchpriority=\"high\" decoding=\"async\" width=\"258\" height=\"361\" src=\"https:\/\/dobleuv.com\/wp-content\/uploads\/2022\/02\/ilustracion-contacto.svg\" class=\"attachment-large size-large wp-image-1583\" alt=\"\" \/>\t\t\t\t\t\t\t\t\t\t\t\t\t<\/div>\n\t\t\t\t<\/div>\n\t\t\t\t\t<\/div>\n\t\t<\/div>\n\t\t\t\t\t<\/div>\n\t\t<\/section>\n\t\t\t\t<\/div>","protected":false},"excerpt":{"rendered":"<p>\u00a1Asesor\u00eda inicial sin cargo! Agenda tu reuni\u00f3n Contacto Todas las soluciones digitales que tu empresa necesita, las encuentras en Dobleuv. Nos entusiasma la idea de trabajar juntos. \u00a1Conectemos!<\/p>","protected":false},"author":1,"featured_media":0,"parent":0,"menu_order":28,"comment_status":"closed","ping_status":"closed","template":"","meta":{"footnotes":""},"class_list":["post-1529","page","type-page","status-publish","hentry"],"yoast_head":"<!-- This site is optimized with the Yoast SEO plugin v27.4 - https:\/\/yoast.com\/product\/yoast-seo-wordpress\/ -->\n<title>Datos de contacto | Dobleuv<\/title>\n<meta name=\"description\" content=\"Si necesitas un dise\u00f1o o simplemente tienes curiosidad por saber m\u00e1s sobre el equipo, estamos esper\u00e1ndote. \u00a1Ponte en contacto para comenzar!\" \/>\n<meta name=\"robots\" content=\"index, follow, max-snippet:-1, max-image-preview:large, max-video-preview:-1\" \/>\n<link rel=\"canonical\" href=\"https:\/\/dobleuv.com\/en\/contacto\/\" \/>\n<meta property=\"og:locale\" content=\"en_US\" \/>\n<meta property=\"og:type\" content=\"article\" \/>\n<meta property=\"og:title\" content=\"Datos de contacto | Dobleuv\" \/>\n<meta property=\"og:description\" content=\"Si necesitas un dise\u00f1o o simplemente tienes curiosidad por saber m\u00e1s sobre el equipo, estamos esper\u00e1ndote. \u00a1Ponte en contacto para comenzar!\" \/>\n<meta property=\"og:url\" content=\"https:\/\/dobleuv.com\/en\/contacto\/\" \/>\n<meta property=\"og:site_name\" content=\"Dobleuv\" \/>\n<meta property=\"article:modified_time\" content=\"2025-04-22T12:57:34+00:00\" \/>\n<meta property=\"og:image\" content=\"https:\/\/dobleuv.com\/wp-content\/uploads\/2022\/02\/ilustracion-contacto.svg\" \/>\n<meta name=\"twitter:card\" content=\"summary_large_image\" \/>\n<meta name=\"twitter:label1\" content=\"Est. reading time\" \/>\n\t<meta name=\"twitter:data1\" content=\"1 minute\" \/>\n<script type=\"application\/ld+json\" class=\"yoast-schema-graph\">{\"@context\":\"https:\\\/\\\/schema.org\",\"@graph\":[{\"@type\":\"WebPage\",\"@id\":\"https:\\\/\\\/dobleuv.com\\\/contacto\\\/\",\"url\":\"https:\\\/\\\/dobleuv.com\\\/contacto\\\/\",\"name\":\"Datos de contacto | Dobleuv\",\"isPartOf\":{\"@id\":\"https:\\\/\\\/dobleuv.com\\\/en\\\/#website\"},\"primaryImageOfPage\":{\"@id\":\"https:\\\/\\\/dobleuv.com\\\/contacto\\\/#primaryimage\"},\"image\":{\"@id\":\"https:\\\/\\\/dobleuv.com\\\/contacto\\\/#primaryimage\"},\"thumbnailUrl\":\"https:\\\/\\\/dobleuv.com\\\/wp-content\\\/uploads\\\/2022\\\/02\\\/ilustracion-contacto.svg\",\"datePublished\":\"2022-02-17T17:44:55+00:00\",\"dateModified\":\"2025-04-22T12:57:34+00:00\",\"description\":\"Si necesitas un dise\u00f1o o simplemente tienes curiosidad por saber m\u00e1s sobre el equipo, estamos esper\u00e1ndote. \u00a1Ponte en contacto para comenzar!\",\"breadcrumb\":{\"@id\":\"https:\\\/\\\/dobleuv.com\\\/contacto\\\/#breadcrumb\"},\"inLanguage\":\"en-US\",\"potentialAction\":[{\"@type\":\"ReadAction\",\"target\":[\"https:\\\/\\\/dobleuv.com\\\/contacto\\\/\"]}]},{\"@type\":\"ImageObject\",\"inLanguage\":\"en-US\",\"@id\":\"https:\\\/\\\/dobleuv.com\\\/contacto\\\/#primaryimage\",\"url\":\"https:\\\/\\\/dobleuv.com\\\/wp-content\\\/uploads\\\/2022\\\/02\\\/ilustracion-contacto.svg\",\"contentUrl\":\"https:\\\/\\\/dobleuv.com\\\/wp-content\\\/uploads\\\/2022\\\/02\\\/ilustracion-contacto.svg\"},{\"@type\":\"BreadcrumbList\",\"@id\":\"https:\\\/\\\/dobleuv.com\\\/contacto\\\/#breadcrumb\",\"itemListElement\":[{\"@type\":\"ListItem\",\"position\":1,\"name\":\"Inicio\",\"item\":\"https:\\\/\\\/dobleuv.com\\\/\"},{\"@type\":\"ListItem\",\"position\":2,\"name\":\"Contacto\"}]},{\"@type\":\"WebSite\",\"@id\":\"https:\\\/\\\/dobleuv.com\\\/en\\\/#website\",\"url\":\"https:\\\/\\\/dobleuv.com\\\/en\\\/\",\"name\":\"Dobleuv\",\"description\":\"We desing the digital transformation of your brand so that you can attract new customers, position your brand and generate impact around the globe.\",\"publisher\":{\"@id\":\"https:\\\/\\\/dobleuv.com\\\/en\\\/#organization\"},\"potentialAction\":[{\"@type\":\"SearchAction\",\"target\":{\"@type\":\"EntryPoint\",\"urlTemplate\":\"https:\\\/\\\/dobleuv.com\\\/en\\\/?s={search_term_string}\"},\"query-input\":{\"@type\":\"PropertyValueSpecification\",\"valueRequired\":true,\"valueName\":\"search_term_string\"}}],\"inLanguage\":\"en-US\"},{\"@type\":\"Organization\",\"@id\":\"https:\\\/\\\/dobleuv.com\\\/en\\\/#organization\",\"name\":\"Dobleuv\",\"url\":\"https:\\\/\\\/dobleuv.com\\\/en\\\/\",\"logo\":{\"@type\":\"ImageObject\",\"inLanguage\":\"en-US\",\"@id\":\"https:\\\/\\\/dobleuv.com\\\/en\\\/#\\\/schema\\\/logo\\\/image\\\/\",\"url\":\"https:\\\/\\\/dobleuv.com\\\/wp-content\\\/uploads\\\/2022\\\/02\\\/Logo_dobleuv.svg\",\"contentUrl\":\"https:\\\/\\\/dobleuv.com\\\/wp-content\\\/uploads\\\/2022\\\/02\\\/Logo_dobleuv.svg\",\"width\":203.99699,\"height\":31,\"caption\":\"Dobleuv\"},\"image\":{\"@id\":\"https:\\\/\\\/dobleuv.com\\\/en\\\/#\\\/schema\\\/logo\\\/image\\\/\"}}]}<\/script>\n<!-- \/ Yoast SEO plugin. -->","yoast_head_json":{"title":"Datos de contacto | Dobleuv","description":"Si necesitas un dise\u00f1o o simplemente tienes curiosidad por saber m\u00e1s sobre el equipo, estamos esper\u00e1ndote. \u00a1Ponte en contacto para comenzar!","robots":{"index":"index","follow":"follow","max-snippet":"max-snippet:-1","max-image-preview":"max-image-preview:large","max-video-preview":"max-video-preview:-1"},"canonical":"https:\/\/dobleuv.com\/en\/contacto\/","og_locale":"en_US","og_type":"article","og_title":"Datos de contacto | Dobleuv","og_description":"Si necesitas un dise\u00f1o o simplemente tienes curiosidad por saber m\u00e1s sobre el equipo, estamos esper\u00e1ndote. \u00a1Ponte en contacto para comenzar!","og_url":"https:\/\/dobleuv.com\/en\/contacto\/","og_site_name":"Dobleuv","article_modified_time":"2025-04-22T12:57:34+00:00","og_image":[{"url":"https:\/\/dobleuv.com\/wp-content\/uploads\/2022\/02\/ilustracion-contacto.svg","type":"","width":"","height":""}],"twitter_card":"summary_large_image","twitter_misc":{"Est. reading time":"1 minute"},"schema":{"@context":"https:\/\/schema.org","@graph":[{"@type":"WebPage","@id":"https:\/\/dobleuv.com\/contacto\/","url":"https:\/\/dobleuv.com\/contacto\/","name":"Datos de contacto | Dobleuv","isPartOf":{"@id":"https:\/\/dobleuv.com\/en\/#website"},"primaryImageOfPage":{"@id":"https:\/\/dobleuv.com\/contacto\/#primaryimage"},"image":{"@id":"https:\/\/dobleuv.com\/contacto\/#primaryimage"},"thumbnailUrl":"https:\/\/dobleuv.com\/wp-content\/uploads\/2022\/02\/ilustracion-contacto.svg","datePublished":"2022-02-17T17:44:55+00:00","dateModified":"2025-04-22T12:57:34+00:00","description":"Si necesitas un dise\u00f1o o simplemente tienes curiosidad por saber m\u00e1s sobre el equipo, estamos esper\u00e1ndote. \u00a1Ponte en contacto para comenzar!","breadcrumb":{"@id":"https:\/\/dobleuv.com\/contacto\/#breadcrumb"},"inLanguage":"en-US","potentialAction":[{"@type":"ReadAction","target":["https:\/\/dobleuv.com\/contacto\/"]}]},{"@type":"ImageObject","inLanguage":"en-US","@id":"https:\/\/dobleuv.com\/contacto\/#primaryimage","url":"https:\/\/dobleuv.com\/wp-content\/uploads\/2022\/02\/ilustracion-contacto.svg","contentUrl":"https:\/\/dobleuv.com\/wp-content\/uploads\/2022\/02\/ilustracion-contacto.svg"},{"@type":"BreadcrumbList","@id":"https:\/\/dobleuv.com\/contacto\/#breadcrumb","itemListElement":[{"@type":"ListItem","position":1,"name":"Inicio","item":"https:\/\/dobleuv.com\/"},{"@type":"ListItem","position":2,"name":"Contacto"}]},{"@type":"WebSite","@id":"https:\/\/dobleuv.com\/en\/#website","url":"https:\/\/dobleuv.com\/en\/","name":"Dobleuv","description":"We desing the digital transformation of your brand so that you can attract new customers, position your brand and generate impact around the globe.","publisher":{"@id":"https:\/\/dobleuv.com\/en\/#organization"},"potentialAction":[{"@type":"SearchAction","target":{"@type":"EntryPoint","urlTemplate":"https:\/\/dobleuv.com\/en\/?s={search_term_string}"},"query-input":{"@type":"PropertyValueSpecification","valueRequired":true,"valueName":"search_term_string"}}],"inLanguage":"en-US"},{"@type":"Organization","@id":"https:\/\/dobleuv.com\/en\/#organization","name":"Dobleuv","url":"https:\/\/dobleuv.com\/en\/","logo":{"@type":"ImageObject","inLanguage":"en-US","@id":"https:\/\/dobleuv.com\/en\/#\/schema\/logo\/image\/","url":"https:\/\/dobleuv.com\/wp-content\/uploads\/2022\/02\/Logo_dobleuv.svg","contentUrl":"https:\/\/dobleuv.com\/wp-content\/uploads\/2022\/02\/Logo_dobleuv.svg","width":203.99699,"height":31,"caption":"Dobleuv"},"image":{"@id":"https:\/\/dobleuv.com\/en\/#\/schema\/logo\/image\/"}}]}},"_links":{"self":[{"href":"https:\/\/dobleuv.com\/en\/wp-json\/wp\/v2\/pages\/1529","targetHints":{"allow":["GET"]}}],"collection":[{"href":"https:\/\/dobleuv.com\/en\/wp-json\/wp\/v2\/pages"}],"about":[{"href":"https:\/\/dobleuv.com\/en\/wp-json\/wp\/v2\/types\/page"}],"author":[{"embeddable":true,"href":"https:\/\/dobleuv.com\/en\/wp-json\/wp\/v2\/users\/1"}],"replies":[{"embeddable":true,"href":"https:\/\/dobleuv.com\/en\/wp-json\/wp\/v2\/comments?post=1529"}],"version-history":[{"count":83,"href":"https:\/\/dobleuv.com\/en\/wp-json\/wp\/v2\/pages\/1529\/revisions"}],"predecessor-version":[{"id":17517,"href":"https:\/\/dobleuv.com\/en\/wp-json\/wp\/v2\/pages\/1529\/revisions\/17517"}],"wp:attachment":[{"href":"https:\/\/dobleuv.com\/en\/wp-json\/wp\/v2\/media?parent=1529"}],"curies":[{"name":"wp","href":"https:\/\/api.w.org\/{rel}","templated":true}]}}